{"id":89,"date":"2024-04-09T11:01:07","date_gmt":"2024-04-09T15:01:07","guid":{"rendered":"https:\/\/prettyuphair.com\/?post_type=product&#038;p=89"},"modified":"2024-04-09T22:52:43","modified_gmt":"2024-04-10T02:52:43","slug":"lisse","status":"publish","type":"product","link":"https:\/\/prettyuphair.com\/index.php\/produit\/lisse\/","title":{"rendered":"Lisse"},"content":{"rendered":"<h3>Tenue de la m\u00e8che<\/h3>\n<p>Risque de perte de cheveux au brossage tr\u00e8s faible. Garder un entretien r\u00e9gulier pour la bonne tenue des m\u00e8ches.<\/p>\n<h3>Combien de paquets dois-je prendre ?<\/h3>\n<p>Pour un volume classique : Du 8\u2033 au 14\u2033 vous aurez besoin de 2 \u00e0 3 paquets 16\u2033 au 22\u2033 vous aurez besoin de 3 \u00e0 4 paquets 24\u2033 au\u00a0 30\u2033 vous aurez besoin de 3 \u00e0 5 paquets Pour beaucoup de volume pr\u00e9voir 1, 2 ou m\u00eame 3 paquets de plus.<\/p>\n<h3>Utilisation<\/h3>\n<p>Vous pouvez les colorer, d\u00e9colorer, utiliser des outils de coiffure tels que fer \u00e0 lisser, fer \u00e0 boucler\u2026 Faites appel \u00e0 des professionnels pour la d\u00e9coloration.<\/p>\n<p>Coiffures possibles :<br \/>\nTissage ouvert, Tissage ferm\u00e9, Ponytail<\/p>\n<p>&nbsp;<\/p>\n","protected":false},"excerpt":{"rendered":"<p><strong>Bottes vendue \u00e0 l&rsquo;unit\u00e9 (1 exemplaire)<\/strong><\/p>\n<p><strong>Qualit\u00e9\u00a0<\/strong><span style=\"font-weight: 400;\">: M\u00e8ches 100% naturelles.\u00a0 <\/span><\/p>\n<p><strong>Texture<\/strong><span style=\"font-weight: 400;\"> : Lisse<\/span><\/p>\n<p><strong>Couleur<\/strong><span style=\"font-weight: 400;\"> : Noir naturel\u00a0<strong>1B<\/strong><\/span><\/p>\n<p><strong>Poids<\/strong><span style=\"font-weight: 400;\"> : environ 100 grammes par paquet\u00a0<\/span><\/p>\n<p>&nbsp;<\/p>\n","protected":false},"featured_media":114,"comment_status":"open","ping_status":"closed","template":"","meta":[],"product_brand":[],"product_cat":[19],"product_tag":[],"class_list":{"0":"post-89","1":"product","2":"type-product","3":"status-publish","4":"has-post-thumbnail","6":"product_cat-non-classe","8":"first","9":"instock","10":"shipping-taxable","11":"purchasable","12":"product-type-variable","13":"has-default-attributes"},"jetpack_sharing_enabled":true,"_links":{"self":[{"href":"https:\/\/prettyuphair.com\/index.php\/wp-json\/wp\/v2\/product\/89","targetHints":{"allow":["GET"]}}],"collection":[{"href":"https:\/\/prettyuphair.com\/index.php\/wp-json\/wp\/v2\/product"}],"about":[{"href":"https:\/\/prettyuphair.com\/index.php\/wp-json\/wp\/v2\/types\/product"}],"replies":[{"embeddable":true,"href":"https:\/\/prettyuphair.com\/index.php\/wp-json\/wp\/v2\/comments?post=89"}],"wp:featuredmedia":[{"embeddable":true,"href":"https:\/\/prettyuphair.com\/index.php\/wp-json\/wp\/v2\/media\/114"}],"wp:attachment":[{"href":"https:\/\/prettyuphair.com\/index.php\/wp-json\/wp\/v2\/media?parent=89"}],"wp:term":[{"taxonomy":"product_brand","embeddable":true,"href":"https:\/\/prettyuphair.com\/index.php\/wp-json\/wp\/v2\/product_brand?post=89"},{"taxonomy":"product_cat","embeddable":true,"href":"https:\/\/prettyuphair.com\/index.php\/wp-json\/wp\/v2\/product_cat?post=89"},{"taxonomy":"product_tag","embeddable":true,"href":"https:\/\/prettyuphair.com\/index.php\/wp-json\/wp\/v2\/product_tag?post=89"}],"curies":[{"name":"wp","href":"https:\/\/api.w.org\/{rel}","templated":true}]}}